{"id":4779,"date":"2024-06-30T15:52:44","date_gmt":"2024-06-30T13:52:44","guid":{"rendered":"https:\/\/salemharoun.com\/ludiquetoys\/?post_type=product&#038;p=4779"},"modified":"2024-06-30T15:53:58","modified_gmt":"2024-06-30T13:53:58","slug":"classement-des-couleurs","status":"publish","type":"product","link":"https:\/\/horizondeveil.com\/en\/product\/classement-des-couleurs\/","title":{"rendered":"Classement Des Couleurs"},"content":{"rendered":"","protected":false},"excerpt":{"rendered":"<p>Le plateau pr\u00e9sente un cadre circulaire avec quatre compartiments de couleurs diff\u00e9rentes. Chaque compartiment contient des pi\u00e8ces en bois de la m\u00eame couleur. L&#8217;objectif est de placer les pi\u00e8ces en bois dans le compartiment correspondant \u00e0 leur couleur<\/p>","protected":false},"featured_media":4783,"comment_status":"open","ping_status":"closed","template":"","meta":[],"product_brand":[],"product_cat":[29],"product_tag":[25,33],"class_list":{"0":"post-4779","1":"product","2":"type-product","3":"status-publish","4":"has-post-thumbnail","6":"product_cat-children-toy","7":"product_tag-babys-toy","8":"product_tag-girl-toys","10":"first","11":"instock","12":"shipping-taxable","13":"purchasable","14":"product-type-simple"},"_links":{"self":[{"href":"https:\/\/horizondeveil.com\/en\/wp-json\/wp\/v2\/product\/4779","targetHints":{"allow":["GET"]}}],"collection":[{"href":"https:\/\/horizondeveil.com\/en\/wp-json\/wp\/v2\/product"}],"about":[{"href":"https:\/\/horizondeveil.com\/en\/wp-json\/wp\/v2\/types\/product"}],"replies":[{"embeddable":true,"href":"https:\/\/horizondeveil.com\/en\/wp-json\/wp\/v2\/comments?post=4779"}],"wp:featuredmedia":[{"embeddable":true,"href":"https:\/\/horizondeveil.com\/en\/wp-json\/wp\/v2\/media\/4783"}],"wp:attachment":[{"href":"https:\/\/horizondeveil.com\/en\/wp-json\/wp\/v2\/media?parent=4779"}],"wp:term":[{"taxonomy":"product_brand","embeddable":true,"href":"https:\/\/horizondeveil.com\/en\/wp-json\/wp\/v2\/product_brand?post=4779"},{"taxonomy":"product_cat","embeddable":true,"href":"https:\/\/horizondeveil.com\/en\/wp-json\/wp\/v2\/product_cat?post=4779"},{"taxonomy":"product_tag","embeddable":true,"href":"https:\/\/horizondeveil.com\/en\/wp-json\/wp\/v2\/product_tag?post=4779"}],"curies":[{"name":"wp","href":"https:\/\/api.w.org\/{rel}","templated":true}]}}