{"id":4744,"date":"2024-06-30T14:41:16","date_gmt":"2024-06-30T12:41:16","guid":{"rendered":"https:\/\/salemharoun.com\/ludiquetoys\/?post_type=product&#038;p=4744"},"modified":"2024-06-30T14:41:16","modified_gmt":"2024-06-30T12:41:16","slug":"jeu-de-lacage-perles-pm","status":"publish","type":"product","link":"https:\/\/horizondeveil.com\/en\/product\/jeu-de-lacage-perles-pm\/","title":{"rendered":"Jeu De La\u00e7age Perles Pm"},"content":{"rendered":"","protected":false},"excerpt":{"rendered":"<p><span style=\"font-weight: 400\">Jeu de la\u00e7age de perles contient <\/span><span style=\"font-weight: 400\">de perles en bois naturel qui offre une vari\u00e9t\u00e9 de formes, tailles et couleurs pour cr\u00e9er des bijoux uniques tels que des colliers et des bracelets<\/span><\/p>","protected":false},"featured_media":4767,"comment_status":"open","ping_status":"closed","template":"","meta":[],"product_brand":[],"product_cat":[32],"product_tag":[33],"class_list":{"0":"post-4744","1":"product","2":"type-product","3":"status-publish","4":"has-post-thumbnail","6":"product_cat-girl-toys","7":"product_tag-girl-toys","9":"first","10":"instock","11":"shipping-taxable","12":"purchasable","13":"product-type-simple"},"_links":{"self":[{"href":"https:\/\/horizondeveil.com\/en\/wp-json\/wp\/v2\/product\/4744","targetHints":{"allow":["GET"]}}],"collection":[{"href":"https:\/\/horizondeveil.com\/en\/wp-json\/wp\/v2\/product"}],"about":[{"href":"https:\/\/horizondeveil.com\/en\/wp-json\/wp\/v2\/types\/product"}],"replies":[{"embeddable":true,"href":"https:\/\/horizondeveil.com\/en\/wp-json\/wp\/v2\/comments?post=4744"}],"wp:featuredmedia":[{"embeddable":true,"href":"https:\/\/horizondeveil.com\/en\/wp-json\/wp\/v2\/media\/4767"}],"wp:attachment":[{"href":"https:\/\/horizondeveil.com\/en\/wp-json\/wp\/v2\/media?parent=4744"}],"wp:term":[{"taxonomy":"product_brand","embeddable":true,"href":"https:\/\/horizondeveil.com\/en\/wp-json\/wp\/v2\/product_brand?post=4744"},{"taxonomy":"product_cat","embeddable":true,"href":"https:\/\/horizondeveil.com\/en\/wp-json\/wp\/v2\/product_cat?post=4744"},{"taxonomy":"product_tag","embeddable":true,"href":"https:\/\/horizondeveil.com\/en\/wp-json\/wp\/v2\/product_tag?post=4744"}],"curies":[{"name":"wp","href":"https:\/\/api.w.org\/{rel}","templated":true}]}}