{"id":4725,"date":"2024-06-25T15:01:15","date_gmt":"2024-06-25T13:01:15","guid":{"rendered":"https:\/\/salemharoun.com\/ludiquetoys\/?post_type=product&#038;p=4725"},"modified":"2024-06-30T14:27:44","modified_gmt":"2024-06-30T12:27:44","slug":"jeu-classification","status":"publish","type":"product","link":"https:\/\/horizondeveil.com\/en\/product\/jeu-classification\/","title":{"rendered":"Jeu Classification"},"content":{"rendered":"","protected":false},"excerpt":{"rendered":"<p><span style=\"font-weight: 400\">Jeu de classification <\/span>comprend 8 grandes cartes rectangulaires et 80 petites cartes carr\u00e9es.<span style=\"font-weight: 400\"> Il se d\u00e9cline en huit th\u00e8mes : personnages, formes, fruits, l\u00e9gumes, animaux, v\u00e9hicules, v\u00eatements et objets du quotidien<\/span><\/p>\n<p><span style=\"font-weight: 400\">Dimensions :<\/span><span style=\"font-weight: 400\">10.5cmx 28.5cmx8.5cm<\/span><\/p>","protected":false},"featured_media":4727,"comment_status":"open","ping_status":"closed","template":"","meta":[],"product_brand":[],"product_cat":[26,29],"product_tag":[25,33],"class_list":{"0":"post-4725","1":"product","2":"type-product","3":"status-publish","4":"has-post-thumbnail","6":"product_cat-babys-toy","7":"product_cat-children-toy","8":"product_tag-babys-toy","9":"product_tag-girl-toys","11":"first","12":"instock","13":"shipping-taxable","14":"purchasable","15":"product-type-simple"},"_links":{"self":[{"href":"https:\/\/horizondeveil.com\/en\/wp-json\/wp\/v2\/product\/4725","targetHints":{"allow":["GET"]}}],"collection":[{"href":"https:\/\/horizondeveil.com\/en\/wp-json\/wp\/v2\/product"}],"about":[{"href":"https:\/\/horizondeveil.com\/en\/wp-json\/wp\/v2\/types\/product"}],"replies":[{"embeddable":true,"href":"https:\/\/horizondeveil.com\/en\/wp-json\/wp\/v2\/comments?post=4725"}],"wp:featuredmedia":[{"embeddable":true,"href":"https:\/\/horizondeveil.com\/en\/wp-json\/wp\/v2\/media\/4727"}],"wp:attachment":[{"href":"https:\/\/horizondeveil.com\/en\/wp-json\/wp\/v2\/media?parent=4725"}],"wp:term":[{"taxonomy":"product_brand","embeddable":true,"href":"https:\/\/horizondeveil.com\/en\/wp-json\/wp\/v2\/product_brand?post=4725"},{"taxonomy":"product_cat","embeddable":true,"href":"https:\/\/horizondeveil.com\/en\/wp-json\/wp\/v2\/product_cat?post=4725"},{"taxonomy":"product_tag","embeddable":true,"href":"https:\/\/horizondeveil.com\/en\/wp-json\/wp\/v2\/product_tag?post=4725"}],"curies":[{"name":"wp","href":"https:\/\/api.w.org\/{rel}","templated":true}]}}