{"id":4717,"date":"2024-06-23T15:47:54","date_gmt":"2024-06-23T13:47:54","guid":{"rendered":"https:\/\/salemharoun.com\/ludiquetoys\/?post_type=product&#038;p=4717"},"modified":"2024-06-23T15:47:54","modified_gmt":"2024-06-23T13:47:54","slug":"tableau-magnetique-a-dessiner","status":"publish","type":"product","link":"https:\/\/horizondeveil.com\/en\/product\/tableau-magnetique-a-dessiner\/","title":{"rendered":"Tableau Magn\u00e9tique \u00e0 Dessiner"},"content":{"rendered":"","protected":false},"excerpt":{"rendered":"<p>Un tableau magn\u00e9tique en plastique, agr\u00e9ment\u00e9 de petites billes color\u00e9es et d\u2019un stylo, permet de dessiner des contours en les positionnant dans les trous du tableau gr\u00e2ce \u00e0 la force magn\u00e9tique<\/p>","protected":false},"featured_media":4719,"comment_status":"open","ping_status":"closed","template":"","meta":[],"product_brand":[],"product_cat":[26,29],"product_tag":[25,33],"class_list":{"0":"post-4717","1":"product","2":"type-product","3":"status-publish","4":"has-post-thumbnail","6":"product_cat-babys-toy","7":"product_cat-children-toy","8":"product_tag-babys-toy","9":"product_tag-girl-toys","11":"first","12":"instock","13":"shipping-taxable","14":"purchasable","15":"product-type-simple"},"_links":{"self":[{"href":"https:\/\/horizondeveil.com\/en\/wp-json\/wp\/v2\/product\/4717","targetHints":{"allow":["GET"]}}],"collection":[{"href":"https:\/\/horizondeveil.com\/en\/wp-json\/wp\/v2\/product"}],"about":[{"href":"https:\/\/horizondeveil.com\/en\/wp-json\/wp\/v2\/types\/product"}],"replies":[{"embeddable":true,"href":"https:\/\/horizondeveil.com\/en\/wp-json\/wp\/v2\/comments?post=4717"}],"wp:featuredmedia":[{"embeddable":true,"href":"https:\/\/horizondeveil.com\/en\/wp-json\/wp\/v2\/media\/4719"}],"wp:attachment":[{"href":"https:\/\/horizondeveil.com\/en\/wp-json\/wp\/v2\/media?parent=4717"}],"wp:term":[{"taxonomy":"product_brand","embeddable":true,"href":"https:\/\/horizondeveil.com\/en\/wp-json\/wp\/v2\/product_brand?post=4717"},{"taxonomy":"product_cat","embeddable":true,"href":"https:\/\/horizondeveil.com\/en\/wp-json\/wp\/v2\/product_cat?post=4717"},{"taxonomy":"product_tag","embeddable":true,"href":"https:\/\/horizondeveil.com\/en\/wp-json\/wp\/v2\/product_tag?post=4717"}],"curies":[{"name":"wp","href":"https:\/\/api.w.org\/{rel}","templated":true}]}}