{"id":4681,"date":"2024-05-23T15:32:26","date_gmt":"2024-05-23T13:32:26","guid":{"rendered":"https:\/\/salemharoun.com\/ludiquetoys\/?post_type=product&#038;p=4681"},"modified":"2024-06-30T14:28:48","modified_gmt":"2024-06-30T12:28:48","slug":"magnetibook-puzzle","status":"publish","type":"product","link":"https:\/\/horizondeveil.com\/en\/product\/magnetibook-puzzle\/","title":{"rendered":"Livre Magn\u00e9tique"},"content":{"rendered":"","protected":false},"excerpt":{"rendered":"<p class=\"product-text\">MAGNETIC BOOK &#8216;Crazy Face&#8217; propose 12 mod\u00e8les de visages sympathiques et amusants \u00e0 recr\u00e9er avec ses 67 aimants color\u00e9s.<\/p>","protected":false},"featured_media":4743,"comment_status":"open","ping_status":"closed","template":"","meta":[],"product_brand":[],"product_cat":[29],"product_tag":[25,33],"class_list":{"0":"post-4681","1":"product","2":"type-product","3":"status-publish","4":"has-post-thumbnail","6":"product_cat-children-toy","7":"product_tag-babys-toy","8":"product_tag-girl-toys","10":"first","11":"instock","12":"featured","13":"shipping-taxable","14":"purchasable","15":"product-type-simple"},"_links":{"self":[{"href":"https:\/\/horizondeveil.com\/en\/wp-json\/wp\/v2\/product\/4681","targetHints":{"allow":["GET"]}}],"collection":[{"href":"https:\/\/horizondeveil.com\/en\/wp-json\/wp\/v2\/product"}],"about":[{"href":"https:\/\/horizondeveil.com\/en\/wp-json\/wp\/v2\/types\/product"}],"replies":[{"embeddable":true,"href":"https:\/\/horizondeveil.com\/en\/wp-json\/wp\/v2\/comments?post=4681"}],"wp:featuredmedia":[{"embeddable":true,"href":"https:\/\/horizondeveil.com\/en\/wp-json\/wp\/v2\/media\/4743"}],"wp:attachment":[{"href":"https:\/\/horizondeveil.com\/en\/wp-json\/wp\/v2\/media?parent=4681"}],"wp:term":[{"taxonomy":"product_brand","embeddable":true,"href":"https:\/\/horizondeveil.com\/en\/wp-json\/wp\/v2\/product_brand?post=4681"},{"taxonomy":"product_cat","embeddable":true,"href":"https:\/\/horizondeveil.com\/en\/wp-json\/wp\/v2\/product_cat?post=4681"},{"taxonomy":"product_tag","embeddable":true,"href":"https:\/\/horizondeveil.com\/en\/wp-json\/wp\/v2\/product_tag?post=4681"}],"curies":[{"name":"wp","href":"https:\/\/api.w.org\/{rel}","templated":true}]}}