{"id":3668,"date":"2023-09-11T12:58:39","date_gmt":"2023-09-11T10:58:39","guid":{"rendered":"https:\/\/wordpress.vecurosoft.com\/kiddino\/?post_type=product&#038;p=3668"},"modified":"2024-06-30T14:29:38","modified_gmt":"2024-06-30T12:29:38","slug":"color-truck","status":"publish","type":"product","link":"https:\/\/horizondeveil.com\/en\/product\/color-truck\/","title":{"rendered":"Pyramide De Formes Gm 3500"},"content":{"rendered":"","protected":false},"excerpt":{"rendered":"<p class=\"product-text\">\u00a0pyramide de formes est compos\u00e9e de plusieurs pi\u00e8ces de formes et de tailles vari\u00e9es, principalement des anneaux, des cubes et des cylindres. Elle permet d&#8217;empiler ces pi\u00e8ces les unes sur les autres pour cr\u00e9er diverses structures<\/p>","protected":false},"featured_media":4736,"comment_status":"open","ping_status":"closed","template":"","meta":[],"product_brand":[],"product_cat":[26,29],"product_tag":[25,33],"class_list":{"0":"post-3668","1":"product","2":"type-product","3":"status-publish","4":"has-post-thumbnail","6":"product_cat-babys-toy","7":"product_cat-children-toy","8":"product_tag-babys-toy","9":"product_tag-girl-toys","11":"first","12":"instock","13":"featured","14":"shipping-taxable","15":"purchasable","16":"product-type-simple"},"_links":{"self":[{"href":"https:\/\/horizondeveil.com\/en\/wp-json\/wp\/v2\/product\/3668","targetHints":{"allow":["GET"]}}],"collection":[{"href":"https:\/\/horizondeveil.com\/en\/wp-json\/wp\/v2\/product"}],"about":[{"href":"https:\/\/horizondeveil.com\/en\/wp-json\/wp\/v2\/types\/product"}],"replies":[{"embeddable":true,"href":"https:\/\/horizondeveil.com\/en\/wp-json\/wp\/v2\/comments?post=3668"}],"wp:featuredmedia":[{"embeddable":true,"href":"https:\/\/horizondeveil.com\/en\/wp-json\/wp\/v2\/media\/4736"}],"wp:attachment":[{"href":"https:\/\/horizondeveil.com\/en\/wp-json\/wp\/v2\/media?parent=3668"}],"wp:term":[{"taxonomy":"product_brand","embeddable":true,"href":"https:\/\/horizondeveil.com\/en\/wp-json\/wp\/v2\/product_brand?post=3668"},{"taxonomy":"product_cat","embeddable":true,"href":"https:\/\/horizondeveil.com\/en\/wp-json\/wp\/v2\/product_cat?post=3668"},{"taxonomy":"product_tag","embeddable":true,"href":"https:\/\/horizondeveil.com\/en\/wp-json\/wp\/v2\/product_tag?post=3668"}],"curies":[{"name":"wp","href":"https:\/\/api.w.org\/{rel}","templated":true}]}}